{"id":40,"date":"2021-10-20T12:20:35","date_gmt":"2021-10-20T10:20:35","guid":{"rendered":"https:\/\/manuskripte.neu\/?page_id=40"},"modified":"2026-03-30T18:05:49","modified_gmt":"2026-03-30T16:05:49","slug":"kontakt","status":"publish","type":"page","link":"https:\/\/www.manuskripte.at\/wordpress\/kontakt\/","title":{"rendered":"Kontakt"},"content":{"rendered":"<div class=\"fusion-fullwidth fullwidth-box fusion-builder-row-1 fusion-flex-container has-pattern-background has-mask-background nonhundred-percent-fullwidth non-hundred-percent-height-scrolling\" style=\"--awb-border-radius-top-left:0px;--awb-border-radius-top-right:0px;--awb-border-radius-bottom-right:0px;--awb-border-radius-bottom-left:0px;--awb-flex-wrap:wrap;\" ><div class=\"fusion-builder-row fusion-row fusion-flex-align-items-flex-start fusion-flex-content-wrap\" style=\"max-width:1996.8px;margin-left: calc(-4% \/ 2 );margin-right: calc(-4% \/ 2 );\"><div class=\"fusion-layout-column fusion_builder_column fusion-builder-column-0 fusion_builder_column_1_2 1_2 fusion-flex-column\" style=\"--awb-bg-size:cover;--awb-width-large:50%;--awb-margin-top-large:0px;--awb-spacing-right-large:3.84%;--awb-margin-bottom-large:20px;--awb-spacing-left-large:3.84%;--awb-width-medium:50%;--awb-order-medium:0;--awb-spacing-right-medium:3.84%;--awb-spacing-left-medium:3.84%;--awb-width-small:100%;--awb-order-small:0;--awb-spacing-right-small:1.92%;--awb-spacing-left-small:1.92%;\"><div class=\"fusion-column-wrapper fusion-column-has-shadow fusion-flex-justify-content-flex-start fusion-content-layout-column\"><div class=\"fusion-form fusion-form-builder fusion-form-form-wrapper fusion-form-4453\" style=\"--awb-tooltip-text-color:#ffffff;--awb-tooltip-background-color:#333333;\" data-form-id=\"4453\" data-config=\"{&quot;form_id&quot;:&quot;4453&quot;,&quot;form_post_id&quot;:&quot;4453&quot;,&quot;post_id&quot;:40,&quot;form_type&quot;:&quot;ajax&quot;,&quot;confirmation_type&quot;:&quot;message&quot;,&quot;redirect_url&quot;:&quot;&quot;,&quot;redirect_timeout&quot;:&quot;0&quot;,&quot;field_labels&quot;:{&quot;name&quot;:&quot;Ihr Name:&quot;,&quot;e-mail_adresse&quot;:&quot;Ihre E-Mail Adresse:&quot;,&quot;betreff&quot;:&quot;Betreff:&quot;,&quot;nachricht&quot;:&quot;Ihre Nachricht:&quot;,&quot;datei&quot;:&quot;Datei anh\\u00e4ngen:&quot;},&quot;field_logics&quot;:{&quot;name&quot;:&quot;&quot;,&quot;e-mail_adresse&quot;:&quot;&quot;,&quot;betreff&quot;:&quot;&quot;,&quot;nachricht&quot;:&quot;&quot;,&quot;datei&quot;:&quot;&quot;,&quot;submit_1&quot;:&quot;&quot;,&quot;notice_1&quot;:&quot;&quot;},&quot;field_types&quot;:{&quot;name&quot;:&quot;text&quot;,&quot;e-mail_adresse&quot;:&quot;email&quot;,&quot;betreff&quot;:&quot;text&quot;,&quot;nachricht&quot;:&quot;textarea&quot;,&quot;datei&quot;:&quot;upload&quot;,&quot;submit_1&quot;:&quot;submit&quot;,&quot;notice_1&quot;:&quot;notice&quot;},&quot;nonce_method&quot;:&quot;ajax&quot;,&quot;form_views&quot;:&quot;ajax&quot;,&quot;form_views_counting&quot;:&quot;all&quot;}\"><form action=\"https:\/\/www.manuskripte.at\/wordpress\/kontakt\/\" method=\"get\" class=\"fusion-form fusion-form-4453\" enctype=\"multipart\/form-data\"><div class=\"fusion-fullwidth fullwidth-box fusion-builder-row-1-1 fusion-flex-container has-pattern-background has-mask-background nonhundred-percent-fullwidth non-hundred-percent-height-scrolling\" style=\"--awb-border-radius-top-left:0px;--awb-border-radius-top-right:0px;--awb-border-radius-bottom-right:0px;--awb-border-radius-bottom-left:0px;--awb-flex-wrap:wrap;\" ><div class=\"fusion-builder-row fusion-row fusion-flex-align-items-flex-start fusion-flex-content-wrap\" style=\"width:104% !important;max-width:104% !important;margin-left: calc(-4% \/ 2 );margin-right: calc(-4% \/ 2 );\"><div class=\"fusion-layout-column fusion_builder_column fusion-builder-column-1 fusion_builder_column_1_1 1_1 fusion-flex-column\" style=\"--awb-bg-size:cover;--awb-width-large:100%;--awb-flex-grow:0;--awb-flex-shrink:0;--awb-margin-top-large:0px;--awb-spacing-right-large:1.92%;--awb-margin-bottom-large:20px;--awb-spacing-left-large:1.92%;--awb-width-medium:100%;--awb-order-medium:0;--awb-flex-grow-medium:0;--awb-flex-shrink-medium:0;--awb-spacing-right-medium:1.92%;--awb-spacing-left-medium:1.92%;--awb-width-small:100%;--awb-order-small:0;--awb-flex-grow-small:0;--awb-flex-shrink-small:0;--awb-spacing-right-small:1.92%;--awb-spacing-left-small:1.92%;\"><div class=\"fusion-column-wrapper fusion-column-has-shadow fusion-flex-justify-content-flex-start fusion-content-layout-column\"><div class=\"fusion-form-field fusion-form-text-field fusion-form-label-above\" style=\"\" data-form-id=\"4453\"><div class=\"fusion-form-label-wrapper\"><label for=\"name\">Ihr Name: <abbr class=\"fusion-form-element-required\" title=\"required\">*<\/abbr><\/label><\/div><input type=\"text\" autocomplete=\"off\"  data-empty-notice=\"Bitte tragen Sie Ihren Namen ein!\" name=\"name\" id=\"name\" value=\"\"  class=\"fusion-form-input\" required=\"true\" aria-required=\"true\" data-holds-private-data=\"false\" minlength=\"0\"\/><\/div><div class=\"fusion-form-field fusion-form-email-field fusion-form-label-above\" style=\"\" data-form-id=\"4453\"><div class=\"fusion-form-label-wrapper\"><label for=\"e-mail_adresse\">Ihre E-Mail Adresse: <abbr class=\"fusion-form-element-required\" title=\"required\">*<\/abbr><\/label><\/div><input type=\"email\" autocomplete=\"off\"  data-empty-notice=\"Bitte tragen Sie Ihre E-Mail Adresse ein!\" name=\"e-mail_adresse\" id=\"e-mail_adresse\" value=\"\"  class=\"fusion-form-input\" required=\"true\" aria-required=\"true\" data-holds-private-data=\"false\"\/><\/div><div class=\"fusion-form-field fusion-form-text-field fusion-form-label-above\" style=\"\" data-form-id=\"4453\"><div class=\"fusion-form-label-wrapper\"><label for=\"betreff\">Betreff:<\/label><\/div><input type=\"text\" autocomplete=\"off\" name=\"betreff\" id=\"betreff\" value=\"\"  class=\"fusion-form-input\" data-holds-private-data=\"false\" minlength=\"0\"\/><\/div><div class=\"fusion-form-field fusion-form-textarea-field fusion-form-label-above\" style=\"\" data-form-id=\"4453\"><label for=\"nachricht\">Ihre Nachricht: <abbr class=\"fusion-form-element-required\" title=\"required\">*<\/abbr><\/label><textarea cols=\"40\" autocomplete=\"off\" data-empty-notice=\"Bitte schreiben Sie uns eine Nachricht!\"  minlength=\"5\"  rows=\"4\" tabindex=\"\" id=\"nachricht\" name=\"nachricht\" class=\"fusion-form-input\" required=\"true\" aria-required=\"true\" data-holds-private-data=\"false\"><\/textarea><\/div><div class=\"fusion-form-field fusion-form-upload-field fusion-form-label-above\" style=\"--awb-preview-thumb-width:115px;\" data-form-id=\"4453\"><label for=\"datei\">Datei anh\u00e4ngen:<\/label><div class=\"fusion-form-input-with-icon\"><i class=\" fa-upload fas\"><\/i><div class=\"fusion-form-upload-field-container\"><input type=\"file\" id=\"datei\" name=\"datei[]\" value=\"\"  class=\"fusion-form-input\" placeholder=\"Klicken oder ziehen Sie eine Datei hierher, um Sie uns zu schicken. \" data-size=\"20\" multiple data-single-add-remove=\"no\" data-min-upload-files=\"0\" data-max-upload-files=\"0\" data-uploads-preview=\"filenames\"\/><div class=\"fusion-form-upload-field\"  data-holds-private-data=\"false\"><span class=\"awb-upload-placeholder\" data-default=\"Klicken oder ziehen Sie eine Datei hierher, um Sie uns zu schicken.\">Klicken oder ziehen Sie eine Datei hierher, um Sie uns zu schicken.<\/span><div class=\"awb-uploads-preview\"><div class=\"awb-preview-thumbs\"><\/div><\/div><\/div><div ><a class=\"fusion-button button-flat button-medium button-default fusion-button-default button-1 fusion-button-default-span fusion-button-default-type fusion-form-upload-field-button\" style=\"--button-border-radius-top-left:0px;--button-border-radius-top-right:0px;--button-border-radius-bottom-right:0px;--button-border-radius-bottom-left:0px;\" target=\"_self\" href=\"javascript:void();\"><span class=\"fusion-button-text awb-button__text awb-button__text--default\">Choose File<\/span><\/a><\/div><\/div><\/div><\/div><div class=\"fusion-form-field fusion-form-submit-field fusion-form-label-above\" style=\"\" data-form-id=\"4453\"><div ><button type=\"submit\" class=\"fusion-button button-flat fusion-button-default-size button-default fusion-button-default button-2 fusion-button-default-span  button-default form-form-submit\" data-form-number=\"4453\" tabindex=\"\"><span class=\"fusion-button-text awb-button__text awb-button__text--default\">Senden<\/span><\/button><\/div><\/div><div class=\"form-submission-notices data-notice_1\" id=\"fusion-notices-1\" data-instance=\"1\"><div class=\"fusion-alert alert success alert-success fusion-alert-center fusion-form-response fusion-form-response-success awb-alert-native-link-color alert-dismissable awb-alert-close-boxed\" role=\"alert\"><div class=\"fusion-alert-content-wrapper\"><span class=\"alert-icon\"><i class=\"awb-icon-check-circle\" aria-hidden=\"true\"><\/i><\/span><span class=\"fusion-alert-content\">Thank you for your message. It has been sent.<\/span><\/div><button type=\"button\" class=\"close toggle-alert\" data-dismiss=\"alert\" aria-label=\"Close\">&times;<\/button><\/div><div class=\"fusion-alert alert error alert-danger fusion-alert-center fusion-form-response fusion-form-response-error awb-alert-native-link-color alert-dismissable awb-alert-close-boxed\" role=\"alert\"><div class=\"fusion-alert-content-wrapper\"><span class=\"alert-icon\"><i class=\"awb-icon-exclamation-triangle\" aria-hidden=\"true\"><\/i><\/span><span class=\"fusion-alert-content\">There was an error trying to send your message. Please try again later.<\/span><\/div><button type=\"button\" class=\"close toggle-alert\" data-dismiss=\"alert\" aria-label=\"Close\">&times;<\/button><\/div><\/div><\/div><\/div><\/div><\/div><input type=\"hidden\" name=\"fusion_privacy_expiration_interval\" value=\"1\"><input type=\"hidden\" name=\"privacy_expiration_action\" value=\"delete\"><\/form><\/div><\/div><\/div><div class=\"fusion-layout-column fusion_builder_column fusion-builder-column-2 fusion_builder_column_1_2 1_2 fusion-flex-column\" style=\"--awb-bg-size:cover;--awb-width-large:50%;--awb-flex-grow:0;--awb-flex-shrink:0;--awb-margin-top-large:0px;--awb-spacing-right-large:3.84%;--awb-margin-bottom-large:20px;--awb-spacing-left-large:3.84%;--awb-width-medium:50%;--awb-order-medium:0;--awb-flex-grow-medium:0;--awb-flex-shrink-medium:0;--awb-spacing-right-medium:3.84%;--awb-spacing-left-medium:3.84%;--awb-width-small:100%;--awb-order-small:0;--awb-flex-grow-small:0;--awb-flex-shrink-small:0;--awb-spacing-right-small:1.92%;--awb-spacing-left-small:1.92%;\"><div class=\"fusion-column-wrapper fusion-column-has-shadow fusion-flex-justify-content-flex-start fusion-content-layout-column\"><div class=\"fusion-text fusion-text-1\"><div class=\"content_wrap\">\n<p>&nbsp;<\/p>\n<div class=\"full-entry\">\n<div class=\"post\">\n<p><strong><u>Redaktion<\/u><\/strong><\/p>\n<p>Sie erreichen die Redaktion mit dem Kontaktformular (links) oder per Mail an:<br \/>\n<a href=\"mailto:lz@L\u00d6SCHENmanuskripte.at\">lz@L\u00d6SCHENmanuskripte.at<\/a> =&gt; !!Bitte die Gro\u00dfbuchstaben (=Spamschutz) entfernen!!<\/p>\n<p><strong><u>Texteinsendungen<\/u><\/strong><\/p>\n<p>Wir bitten ausschlie\u00dflich um unver\u00f6ffentlichte, deutschsprachige Texteinsendungen an die Redaktion per Kontaktformular (links) oder per Mail an:<br \/>\n<a href=\"mailto:texte@L\u00d6SCHENmanuskripte.at\">texte@L\u00d6SCHENmanuskripte.at<\/a> =&gt; !!Bitte die Gro\u00dfbuchstaben (=Spamschutz) entfernen!!<br \/>\nWir bitten, wenn m\u00f6glich, von Einsendungen per Post Abstand zu nehmen. F\u00fcr (Original-)Manuskripte wird keine Haftung \u00fcbernommen!<\/p>\n<p>Die Texte sind im Format *.rtf, *.doc(x) oder *.odt zu schicken und k\u00f6nnen thematisch frei gestaltet werden. Den Texten ist eine Kurzbiografie anzuh\u00e4ngen.<\/p>\n<p><strong><u>Umfang:<\/u><\/strong><br \/>\nLyrik: ca. 5-10 Gedichte.<br \/>\nProsa, Drama, Essay: L\u00e4nge des Textes ca. 5-10 Seiten (bei Schriftgr\u00f6\u00dfe 12) \u2013 max. 20 Seiten.<\/p>\n<p>Das Copyright bleibt bei den Autor*innen.<\/p>\n<p>Aufgrund zahlreicher Einsendungen kann die R\u00fcckmeldung einige Zeit dauern. Beurteilungen sind leider nicht m\u00f6glich. Wir bitten um Verst\u00e4ndnis.<\/p>\n<\/div>\n<\/div>\n<\/div>\n<\/div><\/div><\/div><\/div><\/div>\n","protected":false},"excerpt":{"rendered":"","protected":false},"author":1,"featured_media":0,"parent":0,"menu_order":0,"comment_status":"closed","ping_status":"closed","template":"","meta":{"footnotes":""},"class_list":["post-40","page","type-page","status-publish","hentry"],"yoast_head":"<!-- This site is optimized with the Yoast SEO plugin v27.5 - https:\/\/yoast.com\/product\/yoast-seo-wordpress\/ -->\n<title>Kontakt - manuskripte<\/title>\n<meta name=\"robots\" content=\"index, follow, max-snippet:-1, max-image-preview:large, max-video-preview:-1\" \/>\n<link rel=\"canonical\" href=\"https:\/\/www.manuskripte.at\/wordpress\/kontakt\/\" \/>\n<meta property=\"og:locale\" content=\"de_DE\" \/>\n<meta property=\"og:type\" content=\"article\" \/>\n<meta property=\"og:title\" content=\"Kontakt - manuskripte\" \/>\n<meta property=\"og:url\" content=\"https:\/\/www.manuskripte.at\/wordpress\/kontakt\/\" \/>\n<meta property=\"og:site_name\" content=\"manuskripte\" \/>\n<meta property=\"article:publisher\" content=\"https:\/\/www.facebook.com\/people\/manuskripte\/100046907710313\/\" \/>\n<meta property=\"article:modified_time\" content=\"2026-03-30T16:05:49+00:00\" \/>\n<meta name=\"twitter:card\" content=\"summary_large_image\" \/>\n<meta name=\"twitter:site\" content=\"@manuskripte1\" \/>\n<meta name=\"twitter:label1\" content=\"Gesch\u00e4tzte Lesezeit\" \/>\n\t<meta name=\"twitter:data1\" content=\"4\u00a0Minuten\" \/>\n<script type=\"application\/ld+json\" class=\"yoast-schema-graph\">{\"@context\":\"https:\\\/\\\/schema.org\",\"@graph\":[{\"@type\":\"WebPage\",\"@id\":\"https:\\\/\\\/www.manuskripte.at\\\/wordpress\\\/kontakt\\\/\",\"url\":\"https:\\\/\\\/www.manuskripte.at\\\/wordpress\\\/kontakt\\\/\",\"name\":\"Kontakt - manuskripte\",\"isPartOf\":{\"@id\":\"https:\\\/\\\/www.manuskripte.at\\\/wordpress\\\/#website\"},\"datePublished\":\"2021-10-20T10:20:35+00:00\",\"dateModified\":\"2026-03-30T16:05:49+00:00\",\"breadcrumb\":{\"@id\":\"https:\\\/\\\/www.manuskripte.at\\\/wordpress\\\/kontakt\\\/#breadcrumb\"},\"inLanguage\":\"de\",\"potentialAction\":[{\"@type\":\"ReadAction\",\"target\":[\"https:\\\/\\\/www.manuskripte.at\\\/wordpress\\\/kontakt\\\/\"]}]},{\"@type\":\"BreadcrumbList\",\"@id\":\"https:\\\/\\\/www.manuskripte.at\\\/wordpress\\\/kontakt\\\/#breadcrumb\",\"itemListElement\":[{\"@type\":\"ListItem\",\"position\":1,\"name\":\"Home\",\"item\":\"https:\\\/\\\/www.manuskripte.at\\\/wordpress\\\/\"},{\"@type\":\"ListItem\",\"position\":2,\"name\":\"Kontakt\"}]},{\"@type\":\"WebSite\",\"@id\":\"https:\\\/\\\/www.manuskripte.at\\\/wordpress\\\/#website\",\"url\":\"https:\\\/\\\/www.manuskripte.at\\\/wordpress\\\/\",\"name\":\"manuskripte\",\"description\":\"Zeitschrift f\u00fcr Literatur\",\"publisher\":{\"@id\":\"https:\\\/\\\/www.manuskripte.at\\\/wordpress\\\/#organization\"},\"potentialAction\":[{\"@type\":\"SearchAction\",\"target\":{\"@type\":\"EntryPoint\",\"urlTemplate\":\"https:\\\/\\\/www.manuskripte.at\\\/wordpress\\\/?s={search_term_string}\"},\"query-input\":{\"@type\":\"PropertyValueSpecification\",\"valueRequired\":true,\"valueName\":\"search_term_string\"}}],\"inLanguage\":\"de\"},{\"@type\":\"Organization\",\"@id\":\"https:\\\/\\\/www.manuskripte.at\\\/wordpress\\\/#organization\",\"name\":\"manuskripte Literaturverein\",\"url\":\"https:\\\/\\\/www.manuskripte.at\\\/wordpress\\\/\",\"logo\":{\"@type\":\"ImageObject\",\"inLanguage\":\"de\",\"@id\":\"https:\\\/\\\/www.manuskripte.at\\\/wordpress\\\/#\\\/schema\\\/logo\\\/image\\\/\",\"url\":\"https:\\\/\\\/www.manuskripte.at\\\/wordpress\\\/wp-content\\\/uploads\\\/2024\\\/02\\\/logo_manuskripte_w.jpg\",\"contentUrl\":\"https:\\\/\\\/www.manuskripte.at\\\/wordpress\\\/wp-content\\\/uploads\\\/2024\\\/02\\\/logo_manuskripte_w.jpg\",\"width\":700,\"height\":206,\"caption\":\"manuskripte Literaturverein\"},\"image\":{\"@id\":\"https:\\\/\\\/www.manuskripte.at\\\/wordpress\\\/#\\\/schema\\\/logo\\\/image\\\/\"},\"sameAs\":[\"https:\\\/\\\/www.facebook.com\\\/people\\\/manuskripte\\\/100046907710313\\\/\",\"https:\\\/\\\/x.com\\\/manuskripte1\",\"https:\\\/\\\/www.youtube.com\\\/channel\\\/UC4zmKGvH1mB_TglFxGjiCpA\",\"https:\\\/\\\/www.instagram.com\\\/manuskripte\\\/\"]}]}<\/script>\n<!-- \/ Yoast SEO plugin. -->","yoast_head_json":{"title":"Kontakt - manuskripte","robots":{"index":"index","follow":"follow","max-snippet":"max-snippet:-1","max-image-preview":"max-image-preview:large","max-video-preview":"max-video-preview:-1"},"canonical":"https:\/\/www.manuskripte.at\/wordpress\/kontakt\/","og_locale":"de_DE","og_type":"article","og_title":"Kontakt - manuskripte","og_url":"https:\/\/www.manuskripte.at\/wordpress\/kontakt\/","og_site_name":"manuskripte","article_publisher":"https:\/\/www.facebook.com\/people\/manuskripte\/100046907710313\/","article_modified_time":"2026-03-30T16:05:49+00:00","twitter_card":"summary_large_image","twitter_site":"@manuskripte1","twitter_misc":{"Gesch\u00e4tzte Lesezeit":"4\u00a0Minuten"},"schema":{"@context":"https:\/\/schema.org","@graph":[{"@type":"WebPage","@id":"https:\/\/www.manuskripte.at\/wordpress\/kontakt\/","url":"https:\/\/www.manuskripte.at\/wordpress\/kontakt\/","name":"Kontakt - manuskripte","isPartOf":{"@id":"https:\/\/www.manuskripte.at\/wordpress\/#website"},"datePublished":"2021-10-20T10:20:35+00:00","dateModified":"2026-03-30T16:05:49+00:00","breadcrumb":{"@id":"https:\/\/www.manuskripte.at\/wordpress\/kontakt\/#breadcrumb"},"inLanguage":"de","potentialAction":[{"@type":"ReadAction","target":["https:\/\/www.manuskripte.at\/wordpress\/kontakt\/"]}]},{"@type":"BreadcrumbList","@id":"https:\/\/www.manuskripte.at\/wordpress\/kontakt\/#breadcrumb","itemListElement":[{"@type":"ListItem","position":1,"name":"Home","item":"https:\/\/www.manuskripte.at\/wordpress\/"},{"@type":"ListItem","position":2,"name":"Kontakt"}]},{"@type":"WebSite","@id":"https:\/\/www.manuskripte.at\/wordpress\/#website","url":"https:\/\/www.manuskripte.at\/wordpress\/","name":"manuskripte","description":"Zeitschrift f\u00fcr Literatur","publisher":{"@id":"https:\/\/www.manuskripte.at\/wordpress\/#organization"},"potentialAction":[{"@type":"SearchAction","target":{"@type":"EntryPoint","urlTemplate":"https:\/\/www.manuskripte.at\/wordpress\/?s={search_term_string}"},"query-input":{"@type":"PropertyValueSpecification","valueRequired":true,"valueName":"search_term_string"}}],"inLanguage":"de"},{"@type":"Organization","@id":"https:\/\/www.manuskripte.at\/wordpress\/#organization","name":"manuskripte Literaturverein","url":"https:\/\/www.manuskripte.at\/wordpress\/","logo":{"@type":"ImageObject","inLanguage":"de","@id":"https:\/\/www.manuskripte.at\/wordpress\/#\/schema\/logo\/image\/","url":"https:\/\/www.manuskripte.at\/wordpress\/wp-content\/uploads\/2024\/02\/logo_manuskripte_w.jpg","contentUrl":"https:\/\/www.manuskripte.at\/wordpress\/wp-content\/uploads\/2024\/02\/logo_manuskripte_w.jpg","width":700,"height":206,"caption":"manuskripte Literaturverein"},"image":{"@id":"https:\/\/www.manuskripte.at\/wordpress\/#\/schema\/logo\/image\/"},"sameAs":["https:\/\/www.facebook.com\/people\/manuskripte\/100046907710313\/","https:\/\/x.com\/manuskripte1","https:\/\/www.youtube.com\/channel\/UC4zmKGvH1mB_TglFxGjiCpA","https:\/\/www.instagram.com\/manuskripte\/"]}]}},"_links":{"self":[{"href":"https:\/\/www.manuskripte.at\/wordpress\/wp-json\/wp\/v2\/pages\/40","targetHints":{"allow":["GET"]}}],"collection":[{"href":"https:\/\/www.manuskripte.at\/wordpress\/wp-json\/wp\/v2\/pages"}],"about":[{"href":"https:\/\/www.manuskripte.at\/wordpress\/wp-json\/wp\/v2\/types\/page"}],"author":[{"embeddable":true,"href":"https:\/\/www.manuskripte.at\/wordpress\/wp-json\/wp\/v2\/users\/1"}],"replies":[{"embeddable":true,"href":"https:\/\/www.manuskripte.at\/wordpress\/wp-json\/wp\/v2\/comments?post=40"}],"version-history":[{"count":6,"href":"https:\/\/www.manuskripte.at\/wordpress\/wp-json\/wp\/v2\/pages\/40\/revisions"}],"predecessor-version":[{"id":5682,"href":"https:\/\/www.manuskripte.at\/wordpress\/wp-json\/wp\/v2\/pages\/40\/revisions\/5682"}],"wp:attachment":[{"href":"https:\/\/www.manuskripte.at\/wordpress\/wp-json\/wp\/v2\/media?parent=40"}],"curies":[{"name":"wp","href":"https:\/\/api.w.org\/{rel}","templated":true}]}}