{"id":4467,"date":"2023-06-26T11:36:25","date_gmt":"2023-06-26T09:36:25","guid":{"rendered":"http:\/\/manuskripte.neu\/?page_id=4467"},"modified":"2023-07-05T09:25:27","modified_gmt":"2023-07-05T07:25:27","slug":"historie","status":"publish","type":"page","link":"https:\/\/www.manuskripte.at\/wordpress\/historie\/","title":{"rendered":"Historie"},"content":{"rendered":"<div class=\"fusion-fullwidth fullwidth-box fusion-builder-row-1 fusion-flex-container nonhundred-percent-fullwidth non-hundred-percent-height-scrolling\" style=\"--awb-border-radius-top-left:0px;--awb-border-radius-top-right:0px;--awb-border-radius-bottom-right:0px;--awb-border-radius-bottom-left:0px;--awb-padding-top:0px;--awb-flex-wrap:wrap;\" ><div class=\"fusion-builder-row fusion-row fusion-flex-align-items-flex-start fusion-flex-content-wrap\" style=\"max-width:1996.8px;margin-left: calc(-4% \/ 2 );margin-right: calc(-4% \/ 2 );\"><div class=\"fusion-layout-column fusion_builder_column fusion-builder-column-0 fusion_builder_column_1_2 1_2 fusion-flex-column\" style=\"--awb-bg-size:cover;--awb-width-large:50%;--awb-margin-top-large:-15px;--awb-spacing-right-large:3.84%;--awb-margin-bottom-large:20px;--awb-spacing-left-large:3.84%;--awb-width-medium:50%;--awb-spacing-right-medium:3.84%;--awb-spacing-left-medium:3.84%;--awb-width-small:100%;--awb-spacing-right-small:1.92%;--awb-margin-bottom-small:0;--awb-spacing-left-small:1.92%;\"><div class=\"fusion-column-wrapper fusion-flex-justify-content-flex-start fusion-content-layout-column\"><div class=\"fusion-text fusion-text-1 fusion-text-no-margin\" style=\"--awb-margin-bottom:-45px;\"><div class=\"content_wrap\">\n<div class=\"full-entry\">\n<div class=\"post\">\n<p>Die Literaturzeitschrift <em>manuskripte<\/em> wurde 1960 in Graz gegr\u00fcndet. Sie erschien zum ersten Mal zur Er\u00f6ffnung des Forum Stadtpark im November 1960. Zuerst dreimal im Jahr, dann viermal. Die <em>manuskripte<\/em> bringen nur Erstver\u00f6ffentlichungen. \u00dcber mehr als 60 Jahre ist eine umfangreiche Sammlung entstanden, 240 Hefte (Stand Juni 2023) sind erschienen.<\/p>\n<p><em>manuskripte<\/em> ist <strong>eine der wichtigsten Literaturzeitschriften im deutschsprachigen Raum<\/strong>. Sie ist in Graz ein Standortfaktor des \u00f6sterreichischen, aber auch internationalen Literaturbetriebs. 1960 von Alfred Kolleritsch gegr\u00fcndet, begleiten und f\u00f6rdern die <em>manuskripte<\/em> seitdem die deutschsprachige Literatur und wirkt dar\u00fcber hinaus.<br \/>Kolleritsch hat \u201edie Zeitschrift zu seinem Lebenswerk und seiner Plattform\u201c gemacht und bem\u00fchte sich in den 1960er Jahren auch um die \u00f6sterreichische avantgardistische Literatur, u. a. die \u201eWiener Gruppe\u201c (H. C. Artmann, Oswald Wiener, Konrad Bayer, Friedrich Achleitner und Gerhard R\u00fchm) sowie Ernst Jandl und Friederike Mayr\u00f6cker. Literaturnobelpreistr\u00e4ger*innen wie u. a. Peter Handke und Elfriede Jelinek wurden entdeckt und zahlreiche Texte von ihnen abgedruckt. Die Wiener Gruppe hat sich in den <em>manuskripten<\/em> ebenso versammelt wie die Grazer Gruppe (Peter Handke, Wolfgang Bauer, Klaus Hoffer, Reinhard P. Gruber, Barbara Frischmuth, Gunter Falk etc.) und viele andere Autor*innen und K\u00fcnstler*innen, die den deutschsprachigen wie auch europ\u00e4ischen Literatur- und Kulturbetrieb ma\u00dfgeblich beeinflusst haben.<\/p>\n<p>Im Haus Forum Stadtpark trafen sich viele Autoren zu Lesungen, enge Kontakte wurden gekn\u00fcpft. Ab 1976 fanden Symposien statt. Seit 1995 sind die <em>manuskripte<\/em> unabh\u00e4ngig vom Forum Stadtpark und werden vom manuskripte-Literaturverein herausgegeben.<\/p>\n<\/div>\n<\/div>\n<\/div>\n<\/div><\/div><\/div><div class=\"fusion-layout-column fusion_builder_column fusion-builder-column-1 fusion_builder_column_1_2 1_2 fusion-flex-column\" style=\"--awb-padding-top-small:0px;--awb-bg-size:cover;--awb-width-large:50%;--awb-margin-top-large:-15px;--awb-spacing-right-large:3.84%;--awb-margin-bottom-large:20px;--awb-spacing-left-large:3.84%;--awb-width-medium:50%;--awb-order-medium:0;--awb-spacing-right-medium:3.84%;--awb-spacing-left-medium:3.84%;--awb-width-small:100%;--awb-order-small:0;--awb-margin-top-small:-200;--awb-spacing-right-small:1.92%;--awb-spacing-left-small:1.92%;\"><div class=\"fusion-column-wrapper fusion-column-has-shadow fusion-flex-justify-content-flex-start fusion-content-layout-column\"><div class=\"fusion-text fusion-text-2\"><p>Seit Mitte 2020 wird die Zeitschrift nach jahrelanger Zusammenarbeit mit Alfred Kolleritsch allein vom Grazer Autor Andreas Unterweger herausgegeben, der auch als Vorsitzender des gleichnamigen Literaturvereins fungiert. Im Zuge dieser Neuaufstellung kommt es 2021 zu einem weichen Relaunch der Zeitschrift mit behutsamen \u00c4nderungen im Erscheinungsbild und Design. Das Team um Herausgeber Unterweger arbeitet laufend daran, das Medium mit neuen Qualit\u00e4ten zu bereichern, ohne dabei die gewonnenen St\u00e4rken aufzugeben. Zahlreiche internationale Kooperationen und ein erneuerter Webauftritt samt E-Paper verfolgen das Ziel, (junge) Autor*innen zu f\u00f6rdern und nicht nur den <em>manuskripten<\/em>, sondern der Literatur im Allgemeinen neues Publikum zu erschlie\u00dfen.<\/p>\n<p>Die <em>manuskripte<\/em> publizieren auch nach dem Relaunch ausschlie\u00dflich literarische Erstver\u00f6ffentlichungen. <strong>Progressive deutschsprachige und internationale Literatur<\/strong> steht im Fokus. Einzigartig ist die Mischung von renommierten Stamm-Autor*innen und Neuentdeckungen. Die Zeit urteilte 2021: \u201eOhne die manuskripte s\u00e4he \u00d6sterreichs Kulturlandschaft anders aus.\u201c<\/p>\n<p>Der manuskripte-Literaturverein gibt j\u00e4hrlich vier Ausgaben heraus, vertreibt diese international und stellt sie mit Pr\u00e4sentationen in Graz sowie weiteren Lesungen und anderen Auftritten (regional und international, analog und digital) vor.<\/p>\n<p><a href=\"https:\/\/www.manuskripte.at\/wordpress\/archiv\/\">zur\u00fcck<\/a><\/p>\n<\/div><\/div><\/div><\/div><\/div>\n","protected":false},"excerpt":{"rendered":"","protected":false},"author":1,"featured_media":0,"parent":0,"menu_order":0,"comment_status":"closed","ping_status":"closed","template":"","meta":{"footnotes":""},"class_list":["post-4467","page","type-page","status-publish","hentry"],"yoast_head":"<!-- This site is optimized with the Yoast SEO plugin v27.3 - https:\/\/yoast.com\/product\/yoast-seo-wordpress\/ -->\n<title>Historie - manuskripte<\/title>\n<meta name=\"description\" content=\"Hier finden Sie einen kurzen Abriss der Geschichte der deutschsprachigen Grazer Literaturzeitschrift manuskripte.\" \/>\n<meta name=\"robots\" content=\"index, follow, max-snippet:-1, max-image-preview:large, max-video-preview:-1\" \/>\n<link rel=\"canonical\" href=\"https:\/\/www.manuskripte.at\/wordpress\/historie\/\" \/>\n<meta property=\"og:locale\" content=\"de_DE\" \/>\n<meta property=\"og:type\" content=\"article\" \/>\n<meta property=\"og:title\" content=\"Historie - manuskripte\" \/>\n<meta property=\"og:description\" content=\"Hier finden Sie einen kurzen Abriss der Geschichte der deutschsprachigen Grazer Literaturzeitschrift manuskripte.\" \/>\n<meta property=\"og:url\" content=\"https:\/\/www.manuskripte.at\/wordpress\/historie\/\" \/>\n<meta property=\"og:site_name\" content=\"manuskripte\" \/>\n<meta property=\"article:publisher\" content=\"https:\/\/www.facebook.com\/people\/manuskripte\/100046907710313\/\" \/>\n<meta property=\"article:modified_time\" content=\"2023-07-05T07:25:27+00:00\" \/>\n<meta name=\"twitter:card\" content=\"summary_large_image\" \/>\n<meta name=\"twitter:site\" content=\"@manuskripte1\" \/>\n<meta name=\"twitter:label1\" content=\"Gesch\u00e4tzte Lesezeit\" \/>\n\t<meta name=\"twitter:data1\" content=\"3\u00a0Minuten\" \/>\n<script type=\"application\/ld+json\" class=\"yoast-schema-graph\">{\"@context\":\"https:\\\/\\\/schema.org\",\"@graph\":[{\"@type\":\"WebPage\",\"@id\":\"https:\\\/\\\/www.manuskripte.at\\\/wordpress\\\/historie\\\/\",\"url\":\"https:\\\/\\\/www.manuskripte.at\\\/wordpress\\\/historie\\\/\",\"name\":\"Historie - manuskripte\",\"isPartOf\":{\"@id\":\"https:\\\/\\\/www.manuskripte.at\\\/wordpress\\\/#website\"},\"datePublished\":\"2023-06-26T09:36:25+00:00\",\"dateModified\":\"2023-07-05T07:25:27+00:00\",\"description\":\"Hier finden Sie einen kurzen Abriss der Geschichte der deutschsprachigen Grazer Literaturzeitschrift manuskripte.\",\"breadcrumb\":{\"@id\":\"https:\\\/\\\/www.manuskripte.at\\\/wordpress\\\/historie\\\/#breadcrumb\"},\"inLanguage\":\"de\",\"potentialAction\":[{\"@type\":\"ReadAction\",\"target\":[\"https:\\\/\\\/www.manuskripte.at\\\/wordpress\\\/historie\\\/\"]}]},{\"@type\":\"BreadcrumbList\",\"@id\":\"https:\\\/\\\/www.manuskripte.at\\\/wordpress\\\/historie\\\/#breadcrumb\",\"itemListElement\":[{\"@type\":\"ListItem\",\"position\":1,\"name\":\"Home\",\"item\":\"https:\\\/\\\/www.manuskripte.at\\\/wordpress\\\/\"},{\"@type\":\"ListItem\",\"position\":2,\"name\":\"Historie\"}]},{\"@type\":\"WebSite\",\"@id\":\"https:\\\/\\\/www.manuskripte.at\\\/wordpress\\\/#website\",\"url\":\"https:\\\/\\\/www.manuskripte.at\\\/wordpress\\\/\",\"name\":\"manuskripte\",\"description\":\"Zeitschrift f\u00fcr Literatur\",\"publisher\":{\"@id\":\"https:\\\/\\\/www.manuskripte.at\\\/wordpress\\\/#organization\"},\"potentialAction\":[{\"@type\":\"SearchAction\",\"target\":{\"@type\":\"EntryPoint\",\"urlTemplate\":\"https:\\\/\\\/www.manuskripte.at\\\/wordpress\\\/?s={search_term_string}\"},\"query-input\":{\"@type\":\"PropertyValueSpecification\",\"valueRequired\":true,\"valueName\":\"search_term_string\"}}],\"inLanguage\":\"de\"},{\"@type\":\"Organization\",\"@id\":\"https:\\\/\\\/www.manuskripte.at\\\/wordpress\\\/#organization\",\"name\":\"manuskripte Literaturverein\",\"url\":\"https:\\\/\\\/www.manuskripte.at\\\/wordpress\\\/\",\"logo\":{\"@type\":\"ImageObject\",\"inLanguage\":\"de\",\"@id\":\"https:\\\/\\\/www.manuskripte.at\\\/wordpress\\\/#\\\/schema\\\/logo\\\/image\\\/\",\"url\":\"https:\\\/\\\/www.manuskripte.at\\\/wordpress\\\/wp-content\\\/uploads\\\/2024\\\/02\\\/logo_manuskripte_w.jpg\",\"contentUrl\":\"https:\\\/\\\/www.manuskripte.at\\\/wordpress\\\/wp-content\\\/uploads\\\/2024\\\/02\\\/logo_manuskripte_w.jpg\",\"width\":700,\"height\":206,\"caption\":\"manuskripte Literaturverein\"},\"image\":{\"@id\":\"https:\\\/\\\/www.manuskripte.at\\\/wordpress\\\/#\\\/schema\\\/logo\\\/image\\\/\"},\"sameAs\":[\"https:\\\/\\\/www.facebook.com\\\/people\\\/manuskripte\\\/100046907710313\\\/\",\"https:\\\/\\\/x.com\\\/manuskripte1\",\"https:\\\/\\\/www.youtube.com\\\/channel\\\/UC4zmKGvH1mB_TglFxGjiCpA\",\"https:\\\/\\\/www.instagram.com\\\/manuskripte\\\/\"]}]}<\/script>\n<!-- \/ Yoast SEO plugin. -->","yoast_head_json":{"title":"Historie - manuskripte","description":"Hier finden Sie einen kurzen Abriss der Geschichte der deutschsprachigen Grazer Literaturzeitschrift manuskripte.","robots":{"index":"index","follow":"follow","max-snippet":"max-snippet:-1","max-image-preview":"max-image-preview:large","max-video-preview":"max-video-preview:-1"},"canonical":"https:\/\/www.manuskripte.at\/wordpress\/historie\/","og_locale":"de_DE","og_type":"article","og_title":"Historie - manuskripte","og_description":"Hier finden Sie einen kurzen Abriss der Geschichte der deutschsprachigen Grazer Literaturzeitschrift manuskripte.","og_url":"https:\/\/www.manuskripte.at\/wordpress\/historie\/","og_site_name":"manuskripte","article_publisher":"https:\/\/www.facebook.com\/people\/manuskripte\/100046907710313\/","article_modified_time":"2023-07-05T07:25:27+00:00","twitter_card":"summary_large_image","twitter_site":"@manuskripte1","twitter_misc":{"Gesch\u00e4tzte Lesezeit":"3\u00a0Minuten"},"schema":{"@context":"https:\/\/schema.org","@graph":[{"@type":"WebPage","@id":"https:\/\/www.manuskripte.at\/wordpress\/historie\/","url":"https:\/\/www.manuskripte.at\/wordpress\/historie\/","name":"Historie - manuskripte","isPartOf":{"@id":"https:\/\/www.manuskripte.at\/wordpress\/#website"},"datePublished":"2023-06-26T09:36:25+00:00","dateModified":"2023-07-05T07:25:27+00:00","description":"Hier finden Sie einen kurzen Abriss der Geschichte der deutschsprachigen Grazer Literaturzeitschrift manuskripte.","breadcrumb":{"@id":"https:\/\/www.manuskripte.at\/wordpress\/historie\/#breadcrumb"},"inLanguage":"de","potentialAction":[{"@type":"ReadAction","target":["https:\/\/www.manuskripte.at\/wordpress\/historie\/"]}]},{"@type":"BreadcrumbList","@id":"https:\/\/www.manuskripte.at\/wordpress\/historie\/#breadcrumb","itemListElement":[{"@type":"ListItem","position":1,"name":"Home","item":"https:\/\/www.manuskripte.at\/wordpress\/"},{"@type":"ListItem","position":2,"name":"Historie"}]},{"@type":"WebSite","@id":"https:\/\/www.manuskripte.at\/wordpress\/#website","url":"https:\/\/www.manuskripte.at\/wordpress\/","name":"manuskripte","description":"Zeitschrift f\u00fcr Literatur","publisher":{"@id":"https:\/\/www.manuskripte.at\/wordpress\/#organization"},"potentialAction":[{"@type":"SearchAction","target":{"@type":"EntryPoint","urlTemplate":"https:\/\/www.manuskripte.at\/wordpress\/?s={search_term_string}"},"query-input":{"@type":"PropertyValueSpecification","valueRequired":true,"valueName":"search_term_string"}}],"inLanguage":"de"},{"@type":"Organization","@id":"https:\/\/www.manuskripte.at\/wordpress\/#organization","name":"manuskripte Literaturverein","url":"https:\/\/www.manuskripte.at\/wordpress\/","logo":{"@type":"ImageObject","inLanguage":"de","@id":"https:\/\/www.manuskripte.at\/wordpress\/#\/schema\/logo\/image\/","url":"https:\/\/www.manuskripte.at\/wordpress\/wp-content\/uploads\/2024\/02\/logo_manuskripte_w.jpg","contentUrl":"https:\/\/www.manuskripte.at\/wordpress\/wp-content\/uploads\/2024\/02\/logo_manuskripte_w.jpg","width":700,"height":206,"caption":"manuskripte Literaturverein"},"image":{"@id":"https:\/\/www.manuskripte.at\/wordpress\/#\/schema\/logo\/image\/"},"sameAs":["https:\/\/www.facebook.com\/people\/manuskripte\/100046907710313\/","https:\/\/x.com\/manuskripte1","https:\/\/www.youtube.com\/channel\/UC4zmKGvH1mB_TglFxGjiCpA","https:\/\/www.instagram.com\/manuskripte\/"]}]}},"_links":{"self":[{"href":"https:\/\/www.manuskripte.at\/wordpress\/wp-json\/wp\/v2\/pages\/4467","targetHints":{"allow":["GET"]}}],"collection":[{"href":"https:\/\/www.manuskripte.at\/wordpress\/wp-json\/wp\/v2\/pages"}],"about":[{"href":"https:\/\/www.manuskripte.at\/wordpress\/wp-json\/wp\/v2\/types\/page"}],"author":[{"embeddable":true,"href":"https:\/\/www.manuskripte.at\/wordpress\/wp-json\/wp\/v2\/users\/1"}],"replies":[{"embeddable":true,"href":"https:\/\/www.manuskripte.at\/wordpress\/wp-json\/wp\/v2\/comments?post=4467"}],"version-history":[{"count":7,"href":"https:\/\/www.manuskripte.at\/wordpress\/wp-json\/wp\/v2\/pages\/4467\/revisions"}],"predecessor-version":[{"id":4487,"href":"https:\/\/www.manuskripte.at\/wordpress\/wp-json\/wp\/v2\/pages\/4467\/revisions\/4487"}],"wp:attachment":[{"href":"https:\/\/www.manuskripte.at\/wordpress\/wp-json\/wp\/v2\/media?parent=4467"}],"curies":[{"name":"wp","href":"https:\/\/api.w.org\/{rel}","templated":true}]}}