{"id":5505,"date":"2025-10-10T12:46:16","date_gmt":"2025-10-10T10:46:16","guid":{"rendered":"https:\/\/www.manuskripte.at\/wordpress\/?post_type=product&#038;p=5505"},"modified":"2026-02-13T13:52:59","modified_gmt":"2026-02-13T12:52:59","slug":"manuskripte-249","status":"publish","type":"product","link":"https:\/\/www.manuskripte.at\/wordpress\/shop\/manuskripte-249\/","title":{"rendered":"manuskripte 249"},"content":{"rendered":"<p><em>manuskripte<\/em> 249<br \/>\n(Print-Ausgabe)<\/p>\n<p>Mit Beitr\u00e4gen von:<br \/>\nAriane von Graffenried, Jan Koneffke, Dieter Zwicky, Frieda Paris, Timo Brandt, Nika Pfeifer, Arne Rautenberg, Michael Donhauser, Ulrike Draesner, Ludwig Fels, Christian Filips, Natascha Gangl, Matthias G\u00f6ritz, David Grundy, Kristina Hamplov\u00e1, Max H\u00f6fler, Klaus Hoffer, Felix Philipp Ingold, Klaus Kastberger, Erich Klein, Miklav\u017e Komelj, Christian Lange-Hausstein, Dilek Mayat\u00fcrk, Harald Miesbacher, Fiston Mwanza Mujila, Mari\u0301a Negroni, Madame Nielsen, Ingo Jesen Vitman \u00d6ri, Max Oravin, Astrid Poier-Bernhard, Wolfgang Pollanz, Almut Tina Schmidt, Maria Stepanova, Bernhard Strobel, Ilija Trojanow, Andreas Unterweger, Franz Weinzettl<\/p>\n<p>Siehe auch: <a href=\"https:\/\/www.manuskripte.at\/wordpress\/wp-content\/uploads\/2025\/10\/inhalt249.pdf\" target=\"_blank\" rel=\"noopener\">Inhaltsverzeichnis<\/a><\/p>\n","protected":false},"excerpt":{"rendered":"<p>Die <em>manuskripte<\/em> Print-Ausgabe 249<\/p>\n","protected":false},"featured_media":5491,"template":"","meta":[],"product_brand":[],"product_cat":[51],"product_tag":[97,93],"class_list":{"0":"post-5505","1":"product","2":"type-product","3":"status-publish","4":"has-post-thumbnail","6":"product_cat-einzelheft","7":"product_tag-97","8":"product_tag-print","10":"first","11":"instock","12":"taxable","13":"shipping-taxable","14":"purchasable","15":"product-type-simple"},"yoast_head":"<!-- This site is optimized with the Yoast SEO plugin v27.3 - https:\/\/yoast.com\/product\/yoast-seo-wordpress\/ -->\n<title>manuskripte 249 - manuskripte<\/title>\n<meta name=\"robots\" content=\"index, follow, max-snippet:-1, max-image-preview:large, max-video-preview:-1\" \/>\n<link rel=\"canonical\" href=\"https:\/\/www.manuskripte.at\/wordpress\/shop\/manuskripte-249\/\" \/>\n<meta property=\"og:locale\" content=\"de_DE\" \/>\n<meta property=\"og:type\" content=\"article\" \/>\n<meta property=\"og:title\" content=\"manuskripte 249 - manuskripte\" \/>\n<meta property=\"og:description\" content=\"Die manuskripte Print-Ausgabe 249\" \/>\n<meta property=\"og:url\" content=\"https:\/\/www.manuskripte.at\/wordpress\/shop\/manuskripte-249\/\" \/>\n<meta property=\"og:site_name\" content=\"manuskripte\" \/>\n<meta property=\"article:publisher\" content=\"https:\/\/www.facebook.com\/people\/manuskripte\/100046907710313\/\" \/>\n<meta property=\"article:modified_time\" content=\"2026-02-13T12:52:59+00:00\" \/>\n<meta property=\"og:image\" content=\"https:\/\/www.manuskripte.at\/wordpress\/wp-content\/uploads\/2025\/10\/249_ws.jpg\" \/>\n\t<meta property=\"og:image:width\" content=\"500\" \/>\n\t<meta property=\"og:image:height\" content=\"420\" \/>\n\t<meta property=\"og:image:type\" content=\"image\/jpeg\" \/>\n<meta name=\"twitter:card\" content=\"summary_large_image\" \/>\n<meta name=\"twitter:site\" content=\"@manuskripte1\" \/>\n<meta name=\"twitter:label1\" content=\"Gesch\u00e4tzte Lesezeit\" \/>\n\t<meta name=\"twitter:data1\" content=\"1\u00a0Minute\" \/>\n<script type=\"application\/ld+json\" class=\"yoast-schema-graph\">{\"@context\":\"https:\\\/\\\/schema.org\",\"@graph\":[{\"@type\":\"WebPage\",\"@id\":\"https:\\\/\\\/www.manuskripte.at\\\/wordpress\\\/shop\\\/manuskripte-249\\\/\",\"url\":\"https:\\\/\\\/www.manuskripte.at\\\/wordpress\\\/shop\\\/manuskripte-249\\\/\",\"name\":\"manuskripte 249 - manuskripte\",\"isPartOf\":{\"@id\":\"https:\\\/\\\/www.manuskripte.at\\\/wordpress\\\/#website\"},\"primaryImageOfPage\":{\"@id\":\"https:\\\/\\\/www.manuskripte.at\\\/wordpress\\\/shop\\\/manuskripte-249\\\/#primaryimage\"},\"image\":{\"@id\":\"https:\\\/\\\/www.manuskripte.at\\\/wordpress\\\/shop\\\/manuskripte-249\\\/#primaryimage\"},\"thumbnailUrl\":\"https:\\\/\\\/www.manuskripte.at\\\/wordpress\\\/wp-content\\\/uploads\\\/2025\\\/10\\\/249_ws.jpg\",\"datePublished\":\"2025-10-10T10:46:16+00:00\",\"dateModified\":\"2026-02-13T12:52:59+00:00\",\"breadcrumb\":{\"@id\":\"https:\\\/\\\/www.manuskripte.at\\\/wordpress\\\/shop\\\/manuskripte-249\\\/#breadcrumb\"},\"inLanguage\":\"de\",\"potentialAction\":[{\"@type\":\"ReadAction\",\"target\":[\"https:\\\/\\\/www.manuskripte.at\\\/wordpress\\\/shop\\\/manuskripte-249\\\/\"]}]},{\"@type\":\"ImageObject\",\"inLanguage\":\"de\",\"@id\":\"https:\\\/\\\/www.manuskripte.at\\\/wordpress\\\/shop\\\/manuskripte-249\\\/#primaryimage\",\"url\":\"https:\\\/\\\/www.manuskripte.at\\\/wordpress\\\/wp-content\\\/uploads\\\/2025\\\/10\\\/249_ws.jpg\",\"contentUrl\":\"https:\\\/\\\/www.manuskripte.at\\\/wordpress\\\/wp-content\\\/uploads\\\/2025\\\/10\\\/249_ws.jpg\",\"width\":500,\"height\":420},{\"@type\":\"BreadcrumbList\",\"@id\":\"https:\\\/\\\/www.manuskripte.at\\\/wordpress\\\/shop\\\/manuskripte-249\\\/#breadcrumb\",\"itemListElement\":[{\"@type\":\"ListItem\",\"position\":1,\"name\":\"Home\",\"item\":\"https:\\\/\\\/www.manuskripte.at\\\/wordpress\\\/\"},{\"@type\":\"ListItem\",\"position\":2,\"name\":\"Shop\",\"item\":\"https:\\\/\\\/www.manuskripte.at\\\/wordpress\\\/shop\\\/\"},{\"@type\":\"ListItem\",\"position\":3,\"name\":\"manuskripte 249\"}]},{\"@type\":\"WebSite\",\"@id\":\"https:\\\/\\\/www.manuskripte.at\\\/wordpress\\\/#website\",\"url\":\"https:\\\/\\\/www.manuskripte.at\\\/wordpress\\\/\",\"name\":\"manuskripte\",\"description\":\"Zeitschrift f\u00fcr Literatur\",\"publisher\":{\"@id\":\"https:\\\/\\\/www.manuskripte.at\\\/wordpress\\\/#organization\"},\"potentialAction\":[{\"@type\":\"SearchAction\",\"target\":{\"@type\":\"EntryPoint\",\"urlTemplate\":\"https:\\\/\\\/www.manuskripte.at\\\/wordpress\\\/?s={search_term_string}\"},\"query-input\":{\"@type\":\"PropertyValueSpecification\",\"valueRequired\":true,\"valueName\":\"search_term_string\"}}],\"inLanguage\":\"de\"},{\"@type\":\"Organization\",\"@id\":\"https:\\\/\\\/www.manuskripte.at\\\/wordpress\\\/#organization\",\"name\":\"manuskripte Literaturverein\",\"url\":\"https:\\\/\\\/www.manuskripte.at\\\/wordpress\\\/\",\"logo\":{\"@type\":\"ImageObject\",\"inLanguage\":\"de\",\"@id\":\"https:\\\/\\\/www.manuskripte.at\\\/wordpress\\\/#\\\/schema\\\/logo\\\/image\\\/\",\"url\":\"https:\\\/\\\/www.manuskripte.at\\\/wordpress\\\/wp-content\\\/uploads\\\/2024\\\/02\\\/logo_manuskripte_w.jpg\",\"contentUrl\":\"https:\\\/\\\/www.manuskripte.at\\\/wordpress\\\/wp-content\\\/uploads\\\/2024\\\/02\\\/logo_manuskripte_w.jpg\",\"width\":700,\"height\":206,\"caption\":\"manuskripte Literaturverein\"},\"image\":{\"@id\":\"https:\\\/\\\/www.manuskripte.at\\\/wordpress\\\/#\\\/schema\\\/logo\\\/image\\\/\"},\"sameAs\":[\"https:\\\/\\\/www.facebook.com\\\/people\\\/manuskripte\\\/100046907710313\\\/\",\"https:\\\/\\\/x.com\\\/manuskripte1\",\"https:\\\/\\\/www.youtube.com\\\/channel\\\/UC4zmKGvH1mB_TglFxGjiCpA\",\"https:\\\/\\\/www.instagram.com\\\/manuskripte\\\/\"]}]}<\/script>\n<!-- \/ Yoast SEO plugin. -->","yoast_head_json":{"title":"manuskripte 249 - manuskripte","robots":{"index":"index","follow":"follow","max-snippet":"max-snippet:-1","max-image-preview":"max-image-preview:large","max-video-preview":"max-video-preview:-1"},"canonical":"https:\/\/www.manuskripte.at\/wordpress\/shop\/manuskripte-249\/","og_locale":"de_DE","og_type":"article","og_title":"manuskripte 249 - manuskripte","og_description":"Die manuskripte Print-Ausgabe 249","og_url":"https:\/\/www.manuskripte.at\/wordpress\/shop\/manuskripte-249\/","og_site_name":"manuskripte","article_publisher":"https:\/\/www.facebook.com\/people\/manuskripte\/100046907710313\/","article_modified_time":"2026-02-13T12:52:59+00:00","og_image":[{"width":500,"height":420,"url":"https:\/\/www.manuskripte.at\/wordpress\/wp-content\/uploads\/2025\/10\/249_ws.jpg","type":"image\/jpeg"}],"twitter_card":"summary_large_image","twitter_site":"@manuskripte1","twitter_misc":{"Gesch\u00e4tzte Lesezeit":"1\u00a0Minute"},"schema":{"@context":"https:\/\/schema.org","@graph":[{"@type":"WebPage","@id":"https:\/\/www.manuskripte.at\/wordpress\/shop\/manuskripte-249\/","url":"https:\/\/www.manuskripte.at\/wordpress\/shop\/manuskripte-249\/","name":"manuskripte 249 - manuskripte","isPartOf":{"@id":"https:\/\/www.manuskripte.at\/wordpress\/#website"},"primaryImageOfPage":{"@id":"https:\/\/www.manuskripte.at\/wordpress\/shop\/manuskripte-249\/#primaryimage"},"image":{"@id":"https:\/\/www.manuskripte.at\/wordpress\/shop\/manuskripte-249\/#primaryimage"},"thumbnailUrl":"https:\/\/www.manuskripte.at\/wordpress\/wp-content\/uploads\/2025\/10\/249_ws.jpg","datePublished":"2025-10-10T10:46:16+00:00","dateModified":"2026-02-13T12:52:59+00:00","breadcrumb":{"@id":"https:\/\/www.manuskripte.at\/wordpress\/shop\/manuskripte-249\/#breadcrumb"},"inLanguage":"de","potentialAction":[{"@type":"ReadAction","target":["https:\/\/www.manuskripte.at\/wordpress\/shop\/manuskripte-249\/"]}]},{"@type":"ImageObject","inLanguage":"de","@id":"https:\/\/www.manuskripte.at\/wordpress\/shop\/manuskripte-249\/#primaryimage","url":"https:\/\/www.manuskripte.at\/wordpress\/wp-content\/uploads\/2025\/10\/249_ws.jpg","contentUrl":"https:\/\/www.manuskripte.at\/wordpress\/wp-content\/uploads\/2025\/10\/249_ws.jpg","width":500,"height":420},{"@type":"BreadcrumbList","@id":"https:\/\/www.manuskripte.at\/wordpress\/shop\/manuskripte-249\/#breadcrumb","itemListElement":[{"@type":"ListItem","position":1,"name":"Home","item":"https:\/\/www.manuskripte.at\/wordpress\/"},{"@type":"ListItem","position":2,"name":"Shop","item":"https:\/\/www.manuskripte.at\/wordpress\/shop\/"},{"@type":"ListItem","position":3,"name":"manuskripte 249"}]},{"@type":"WebSite","@id":"https:\/\/www.manuskripte.at\/wordpress\/#website","url":"https:\/\/www.manuskripte.at\/wordpress\/","name":"manuskripte","description":"Zeitschrift f\u00fcr Literatur","publisher":{"@id":"https:\/\/www.manuskripte.at\/wordpress\/#organization"},"potentialAction":[{"@type":"SearchAction","target":{"@type":"EntryPoint","urlTemplate":"https:\/\/www.manuskripte.at\/wordpress\/?s={search_term_string}"},"query-input":{"@type":"PropertyValueSpecification","valueRequired":true,"valueName":"search_term_string"}}],"inLanguage":"de"},{"@type":"Organization","@id":"https:\/\/www.manuskripte.at\/wordpress\/#organization","name":"manuskripte Literaturverein","url":"https:\/\/www.manuskripte.at\/wordpress\/","logo":{"@type":"ImageObject","inLanguage":"de","@id":"https:\/\/www.manuskripte.at\/wordpress\/#\/schema\/logo\/image\/","url":"https:\/\/www.manuskripte.at\/wordpress\/wp-content\/uploads\/2024\/02\/logo_manuskripte_w.jpg","contentUrl":"https:\/\/www.manuskripte.at\/wordpress\/wp-content\/uploads\/2024\/02\/logo_manuskripte_w.jpg","width":700,"height":206,"caption":"manuskripte Literaturverein"},"image":{"@id":"https:\/\/www.manuskripte.at\/wordpress\/#\/schema\/logo\/image\/"},"sameAs":["https:\/\/www.facebook.com\/people\/manuskripte\/100046907710313\/","https:\/\/x.com\/manuskripte1","https:\/\/www.youtube.com\/channel\/UC4zmKGvH1mB_TglFxGjiCpA","https:\/\/www.instagram.com\/manuskripte\/"]}]}},"_links":{"self":[{"href":"https:\/\/www.manuskripte.at\/wordpress\/wp-json\/wp\/v2\/product\/5505","targetHints":{"allow":["GET"]}}],"collection":[{"href":"https:\/\/www.manuskripte.at\/wordpress\/wp-json\/wp\/v2\/product"}],"about":[{"href":"https:\/\/www.manuskripte.at\/wordpress\/wp-json\/wp\/v2\/types\/product"}],"wp:featuredmedia":[{"embeddable":true,"href":"https:\/\/www.manuskripte.at\/wordpress\/wp-json\/wp\/v2\/media\/5491"}],"wp:attachment":[{"href":"https:\/\/www.manuskripte.at\/wordpress\/wp-json\/wp\/v2\/media?parent=5505"}],"wp:term":[{"taxonomy":"product_brand","embeddable":true,"href":"https:\/\/www.manuskripte.at\/wordpress\/wp-json\/wp\/v2\/product_brand?post=5505"},{"taxonomy":"product_cat","embeddable":true,"href":"https:\/\/www.manuskripte.at\/wordpress\/wp-json\/wp\/v2\/product_cat?post=5505"},{"taxonomy":"product_tag","embeddable":true,"href":"https:\/\/www.manuskripte.at\/wordpress\/wp-json\/wp\/v2\/product_tag?post=5505"}],"curies":[{"name":"wp","href":"https:\/\/api.w.org\/{rel}","templated":true}]}}